{"id":451,"date":"2011-04-30T19:46:18","date_gmt":"2011-04-30T17:46:18","guid":{"rendered":"https:\/\/www.suntekinternational.com\/turkish\/?page_id=451"},"modified":"2011-04-30T19:46:32","modified_gmt":"2011-04-30T17:46:32","slug":"kurumsal-kimlik","status":"publish","type":"page","link":"https:\/\/www.suntekinternational.com\/turkish\/kutuphane\/kurumsal-kimlik\/","title":{"rendered":"Kurumsal Kimlik"},"content":{"rendered":"<p><a href=\"https:\/\/www.suntekinternational.com\/turkish\/wp-content\/uploads\/2011\/04\/suntek-international-logotype-300x300.jpg\"><img loading=\"lazy\" class=\"size-full wp-image-450 alignnone\" title=\"Suntek International Logotype\" src=\"https:\/\/www.suntekinternational.com\/turkish\/wp-content\/uploads\/2011\/04\/suntek-international-logotype-300x300.jpg\" alt=\"\" width=\"300\" height=\"300\" srcset=\"https:\/\/www.suntekinternational.com\/turkish\/wp-content\/uploads\/2011\/04\/suntek-international-logotype-300x300.jpg 300w, https:\/\/www.suntekinternational.com\/turkish\/wp-content\/uploads\/2011\/04\/suntek-international-logotype-300x300-150x150.jpg 150w, https:\/\/www.suntekinternational.com\/turkish\/wp-content\/uploads\/2011\/04\/suntek-international-logotype-300x300-65x65.jpg 65w\" sizes=\"(max-width: 300px) 100vw, 300px\" \/><\/a><\/p>\n<p>Suntek International amblem ve logo uygulamas\u0131n\u0131 a\u015fa\u011f\u0131da \u00e7e\u015fitli dijital ortamlarda bulabilirsiniz.<\/p>\n<p><a href=\"http:\/\/www.suntekinternational.com\/logotype\/suntek-international-logotype.ai\" target=\"_blank\">Adobe Ilustrator Format\u0131nda<\/a><br \/><a href=\"http:\/\/www.suntekinternational.com\/logotype\/suntek-international-logotype.pdf\" target=\"_blank\">PDF Format\u0131nda<\/a><br \/><a href=\"http:\/\/www.suntekinternational.com\/logotype\/suntek-international-logotype.jpg\" target=\"_blank\">JPG Format\u0131nda<\/a><\/p>\n","protected":false},"excerpt":{"rendered":"<p>Suntek International amblem ve logo uygulamas\u0131n\u0131 a\u015fa\u011f\u0131da \u00e7e\u015fitli dijital ortamlarda bulabilirsiniz. Adobe Ilustrator Format\u0131ndaPDF Format\u0131ndaJPG Format\u0131nda<\/p>\n","protected":false},"author":75,"featured_media":0,"parent":316,"menu_order":0,"comment_status":"open","ping_status":"closed","template":"","meta":[],"_links":{"self":[{"href":"https:\/\/www.suntekinternational.com\/turkish\/wp-json\/wp\/v2\/pages\/451"}],"collection":[{"href":"https:\/\/www.suntekinternational.com\/turkish\/wp-json\/wp\/v2\/pages"}],"about":[{"href":"https:\/\/www.suntekinternational.com\/turkish\/wp-json\/wp\/v2\/types\/page"}],"author":[{"embeddable":true,"href":"https:\/\/www.suntekinternational.com\/turkish\/wp-json\/wp\/v2\/users\/75"}],"replies":[{"embeddable":true,"href":"https:\/\/www.suntekinternational.com\/turkish\/wp-json\/wp\/v2\/comments?post=451"}],"version-history":[{"count":3,"href":"https:\/\/www.suntekinternational.com\/turkish\/wp-json\/wp\/v2\/pages\/451\/revisions"}],"predecessor-version":[{"id":455,"href":"https:\/\/www.suntekinternational.com\/turkish\/wp-json\/wp\/v2\/pages\/451\/revisions\/455"}],"up":[{"embeddable":true,"href":"https:\/\/www.suntekinternational.com\/turkish\/wp-json\/wp\/v2\/pages\/316"}],"wp:attachment":[{"href":"https:\/\/www.suntekinternational.com\/turkish\/wp-json\/wp\/v2\/media?parent=451"}],"curies":[{"name":"wp","href":"https:\/\/api.w.org\/{rel}","templated":true}]}}