{"id":328,"date":"2011-04-23T12:37:21","date_gmt":"2011-04-23T10:37:21","guid":{"rendered":"https:\/\/www.suntekinternational.com\/turkish\/?page_id=328"},"modified":"2011-04-27T19:08:53","modified_gmt":"2011-04-27T17:08:53","slug":"iletisim","status":"publish","type":"page","link":"https:\/\/www.suntekinternational.com\/turkish\/iletisim\/","title":{"rendered":"\u0130leti\u015fim"},"content":{"rendered":"<p><strong>Suntek International<\/strong><br \/><em><strong>Proje ve Teknoloji Geli\u015ftirme, Y\u00f6netim, Dan\u0131\u015fmanl\u0131k ve E\u011fitim Hizmetleri<\/strong><\/em><br \/>Orhangazi Caddesi No:54\/A <br \/>Dragos 34865<br \/>Kartal, \u0130stanbul<br \/>T\u00fcrkiye<\/p>\n<p><strong>Phone<\/strong><br \/>(216) 457 3484<br \/><strong>Fax<\/strong><br \/>(216) 457 3485<\/p>\n<p>[xmlgm {http:\/\/www.suntekinternational.com\/Suntek_International.kml}\u00a0 maptype=G_NORMAL_MAP; gpxview=all; panzoomcontrol=hide; zoom=16]<\/p>\n<p><strong>\u0130leti\u015fim Formu<\/strong><br \/><div role=\"form\" class=\"wpcf7\" id=\"wpcf7-f581-o1\" lang=\"en-US\" dir=\"ltr\">\n<div class=\"screen-reader-response\"><p role=\"status\" aria-live=\"polite\" aria-atomic=\"true\"><\/p> <ul><\/ul><\/div>\n<form action=\"\/turkish\/wp-json\/wp\/v2\/pages\/328#wpcf7-f581-o1\" method=\"post\" class=\"wpcf7-form init\" enctype=\"multipart\/form-data\" novalidate=\"novalidate\" data-status=\"init\">\n<div style=\"display: none;\">\n<input type=\"hidden\" name=\"_wpcf7\" value=\"581\" \/>\n<input type=\"hidden\" name=\"_wpcf7_version\" value=\"5.4.1\" \/>\n<input type=\"hidden\" name=\"_wpcf7_locale\" value=\"en_US\" \/>\n<input type=\"hidden\" name=\"_wpcf7_unit_tag\" value=\"wpcf7-f581-o1\" \/>\n<input type=\"hidden\" name=\"_wpcf7_container_post\" value=\"0\" \/>\n<input type=\"hidden\" name=\"_wpcf7_posted_data_hash\" value=\"\" \/>\n<\/div>\n<p>Ad\u0131n\u0131z (gerekli)<br \/>\n    <span class=\"wpcf7-form-control-wrap your-name\"><input type=\"text\" name=\"your-name\" value=\"\" size=\"40\" class=\"wpcf7-form-control wpcf7-text wpcf7-validates-as-required\" aria-required=\"true\" aria-invalid=\"false\" \/><\/span> <\/p>\n<p>E-postan\u0131z (gerekli)<br \/>\n    <span class=\"wpcf7-form-control-wrap your-email\"><input type=\"email\" name=\"your-email\" value=\"\" size=\"40\" class=\"wpcf7-form-control wpcf7-text wpcf7-email wpcf7-validates-as-required wpcf7-validates-as-email\" aria-required=\"true\" aria-invalid=\"false\" \/><\/span> <\/p>\n<p>Konu<br \/>\n    <span class=\"wpcf7-form-control-wrap your-subject\"><input type=\"text\" name=\"your-subject\" value=\"\" size=\"40\" class=\"wpcf7-form-control wpcf7-text\" aria-invalid=\"false\" \/><\/span> <\/p>\n<p>Mesaj<br \/>\n    <span class=\"wpcf7-form-control-wrap your-message\"><textarea name=\"your-message\" cols=\"40\" rows=\"10\" class=\"wpcf7-form-control wpcf7-textarea\" aria-invalid=\"false\"><\/textarea><\/span> <\/p>\n<p>Dosya g\u00f6ndermek i\u00e7in a\u015fa\u011f\u0131daki ara\u00e7 ile g\u00f6ndermek istedi\u011finiz dosyay\u0131 se\u00e7iniz<br \/>\n<span class=\"wpcf7-form-control-wrap file-471\"><input type=\"file\" name=\"file-471\" size=\"40\" class=\"wpcf7-form-control wpcf7-file\" accept=\".jpg,.jpeg,.png,.gif,.pdf,.doc,.docx,.ppt,.pptx,.odt,.avi,.ogg,.m4a,.mov,.mp3,.mp4,.mpg,.wav,.wmv\" aria-invalid=\"false\" \/><\/span><\/p>\n<p><input type=\"hidden\" name=\"_wpcf7_captcha_challenge_captcha-760\" value=\"4244101043\" \/><img class=\"wpcf7-form-control wpcf7-captchac wpcf7-captcha-captcha-760\" width=\"72\" height=\"24\" alt=\"captcha\" src=\"https:\/\/www.suntekinternational.com\/turkish\/wp-content\/uploads\/wpcf7_captcha\/4244101043.png\" \/><br \/>\nG\u00fcvenlik Kodu<br \/>\n<span class=\"wpcf7-form-control-wrap captcha-760\"><input type=\"text\" name=\"captcha-760\" value=\"\" size=\"40\" class=\"wpcf7-form-control wpcf7-captchar\" autocomplete=\"off\" aria-invalid=\"false\" \/><\/span><\/p>\n<p><input type=\"submit\" value=\"G\u00f6nder\" class=\"wpcf7-form-control wpcf7-submit\" \/><\/p>\n<div class=\"wpcf7-response-output\" aria-hidden=\"true\"><\/div><\/form><\/div><\/p>\n","protected":false},"excerpt":{"rendered":"<p>Suntek InternationalProje ve Teknoloji Geli\u015ftirme, Y\u00f6netim, Dan\u0131\u015fmanl\u0131k ve E\u011fitim HizmetleriOrhangazi Caddesi No:54\/A Dragos 34865Kartal, \u0130stanbulT\u00fcrkiye Phone(216) 457 3484Fax(216) 457 3485 [xmlgm {http:\/\/www.suntekinternational.com\/Suntek_International.kml}\u00a0 maptype=G_NORMAL_MAP; gpxview=all; panzoomcontrol=hide; zoom=16] \u0130leti\u015fim Formu<\/p>\n","protected":false},"author":75,"featured_media":0,"parent":0,"menu_order":4,"comment_status":"open","ping_status":"closed","template":"","meta":[],"_links":{"self":[{"href":"https:\/\/www.suntekinternational.com\/turkish\/wp-json\/wp\/v2\/pages\/328"}],"collection":[{"href":"https:\/\/www.suntekinternational.com\/turkish\/wp-json\/wp\/v2\/pages"}],"about":[{"href":"https:\/\/www.suntekinternational.com\/turkish\/wp-json\/wp\/v2\/types\/page"}],"author":[{"embeddable":true,"href":"https:\/\/www.suntekinternational.com\/turkish\/wp-json\/wp\/v2\/users\/75"}],"replies":[{"embeddable":true,"href":"https:\/\/www.suntekinternational.com\/turkish\/wp-json\/wp\/v2\/comments?post=328"}],"version-history":[{"count":8,"href":"https:\/\/www.suntekinternational.com\/turkish\/wp-json\/wp\/v2\/pages\/328\/revisions"}],"predecessor-version":[{"id":391,"href":"https:\/\/www.suntekinternational.com\/turkish\/wp-json\/wp\/v2\/pages\/328\/revisions\/391"}],"wp:attachment":[{"href":"https:\/\/www.suntekinternational.com\/turkish\/wp-json\/wp\/v2\/media?parent=328"}],"curies":[{"name":"wp","href":"https:\/\/api.w.org\/{rel}","templated":true}]}}