{"id":169,"date":"2011-04-10T11:06:16","date_gmt":"2011-04-10T09:06:16","guid":{"rendered":"http:\/\/www.suntekinternational.com\/?page_id=169"},"modified":"2011-04-27T18:44:56","modified_gmt":"2011-04-27T16:44:56","slug":"universiteler","status":"publish","type":"page","link":"https:\/\/www.suntekinternational.com\/turkish\/proje-ve-teknoloji-hizmetleri\/danismanlik\/universiteler\/","title":{"rendered":"\u00dcniversiteler"},"content":{"rendered":"<p><strong><a href=\"https:\/\/www.suntekinternational.com\/turkish\/wp-content\/uploads\/2011\/04\/danismanlik-universite.jpg\"><img loading=\"lazy\" class=\"alignnone size-full wp-image-382\" style=\"border: 1px solid black;\" title=\"Dan\u0131\u015fmanl\u0131k \u00dcniversitelere\" src=\"https:\/\/www.suntekinternational.com\/turkish\/wp-content\/uploads\/2011\/04\/danismanlik-universite.jpg\" alt=\"\" width=\"600\" height=\"400\" srcset=\"https:\/\/www.suntekinternational.com\/turkish\/wp-content\/uploads\/2011\/04\/danismanlik-universite.jpg 600w, https:\/\/www.suntekinternational.com\/turkish\/wp-content\/uploads\/2011\/04\/danismanlik-universite-300x200.jpg 300w\" sizes=\"(max-width: 600px) 100vw, 600px\" \/><\/a><br \/>\u00dcniversitelere sunulan Dan\u0131\u015fmanl\u0131k Hizmetleri<\/strong><\/p>\n<ul>\n<li>Kurumsal ilerleme (strateji haritalar\u0131,      vizyon, misyon ,hedefler )<\/li>\n<li> European Universities Association (EUA)      &#8211; Institutional Evaluation Programme (IEP), Avrupa \u00dcniversiler Birligi      Birli\u011fi &#8211; Kurumsal De\u011ferlendirme Program\u0131 i\u00e7in ba\u015fvuru, kurum \u00f6zde\u011ferlendirme raporlar\u0131n\u0131n yaz\u0131lmas\u0131, gerekli bilgilerin      toplanmas\u0131, g\u00f6r\u00fc\u015fmelerin yap\u0131lmas\u0131, de\u011ferlendiricilerin daveti, ziyaretlerin      organizasyonu (Ba\u015ftan sona t\u00fcm s\u00fcre i\u015flemlerinin ger\u00e7ekle\u015ftirilmesi) <\/li>\n<li>Ara\u015ft\u0131rma Projeleri Ofisi yap\u0131land\u0131r\u0131lmas\u0131<\/li>\n<li>Teknoloji Transfer Ofisi yap\u0131land\u0131r\u0131lmas\u0131<\/li>\n<li>Teknopark m\u00fcracaat dosyalar\u0131n\u0131n haz\u0131rlanmas\u0131      ,takibi ve sonu\u00e7land\u0131r\u0131lmas\u0131<\/li>\n<\/ul>\n<p>Enerji y\u00fcksek lisans, doktora program\u0131 yap\u0131land\u0131r\u0131lmas\u0131, Y\u00d6K Ba\u015fvuru dosyalar\u0131n\u0131n haz\u0131rlanmas\u0131, gerekti\u011finde program\u0131n y\u00fcr\u00fct\u00fclmesi.<\/p>\n","protected":false},"excerpt":{"rendered":"<p>\u00dcniversitelere sunulan Dan\u0131\u015fmanl\u0131k Hizmetleri Kurumsal ilerleme (strateji haritalar\u0131, vizyon, misyon ,hedefler ) European Universities Association (EUA) &#8211; Institutional Evaluation Programme (IEP), Avrupa \u00dcniversiler Birligi Birli\u011fi &#8211; Kurumsal De\u011ferlendirme Program\u0131 i\u00e7in ba\u015fvuru, kurum \u00f6zde\u011ferlendirme raporlar\u0131n\u0131n yaz\u0131lmas\u0131, gerekli bilgilerin toplanmas\u0131, g\u00f6r\u00fc\u015fmelerin yap\u0131lmas\u0131, de\u011ferlendiricilerin daveti, ziyaretlerin organizasyonu (Ba\u015ftan sona t\u00fcm s\u00fcre i\u015flemlerinin ger\u00e7ekle\u015ftirilmesi) Ara\u015ft\u0131rma Projeleri Ofisi yap\u0131land\u0131r\u0131lmas\u0131 Teknoloji [&hellip;]<\/p>\n","protected":false},"author":75,"featured_media":0,"parent":165,"menu_order":0,"comment_status":"open","ping_status":"closed","template":"","meta":[],"_links":{"self":[{"href":"https:\/\/www.suntekinternational.com\/turkish\/wp-json\/wp\/v2\/pages\/169"}],"collection":[{"href":"https:\/\/www.suntekinternational.com\/turkish\/wp-json\/wp\/v2\/pages"}],"about":[{"href":"https:\/\/www.suntekinternational.com\/turkish\/wp-json\/wp\/v2\/types\/page"}],"author":[{"embeddable":true,"href":"https:\/\/www.suntekinternational.com\/turkish\/wp-json\/wp\/v2\/users\/75"}],"replies":[{"embeddable":true,"href":"https:\/\/www.suntekinternational.com\/turkish\/wp-json\/wp\/v2\/comments?post=169"}],"version-history":[{"count":6,"href":"https:\/\/www.suntekinternational.com\/turkish\/wp-json\/wp\/v2\/pages\/169\/revisions"}],"predecessor-version":[{"id":343,"href":"https:\/\/www.suntekinternational.com\/turkish\/wp-json\/wp\/v2\/pages\/169\/revisions\/343"}],"up":[{"embeddable":true,"href":"https:\/\/www.suntekinternational.com\/turkish\/wp-json\/wp\/v2\/pages\/165"}],"wp:attachment":[{"href":"https:\/\/www.suntekinternational.com\/turkish\/wp-json\/wp\/v2\/media?parent=169"}],"curies":[{"name":"wp","href":"https:\/\/api.w.org\/{rel}","templated":true}]}}