{"id":167,"date":"2011-04-10T11:06:01","date_gmt":"2011-04-10T09:06:01","guid":{"rendered":"http:\/\/www.suntekinternational.com\/?page_id=167"},"modified":"2011-04-27T18:40:14","modified_gmt":"2011-04-27T16:40:14","slug":"sanayi","status":"publish","type":"page","link":"https:\/\/www.suntekinternational.com\/turkish\/proje-ve-teknoloji-hizmetleri\/danismanlik\/sanayi\/","title":{"rendered":"Sanayi"},"content":{"rendered":"<p><strong><a href=\"https:\/\/www.suntekinternational.com\/turkish\/wp-content\/uploads\/2011\/04\/Danismanlik-Sanayi-Sektoru.jpg\"><img loading=\"lazy\" class=\"alignnone size-full wp-image-380\" style=\"border: 1px solid black;\" title=\"Dan\u0131\u015fmanl\u0131k Sanayi\" src=\"https:\/\/www.suntekinternational.com\/turkish\/wp-content\/uploads\/2011\/04\/Danismanlik-Sanayi-Sektoru.jpg\" alt=\"\" width=\"600\" height=\"400\" srcset=\"https:\/\/www.suntekinternational.com\/turkish\/wp-content\/uploads\/2011\/04\/Danismanlik-Sanayi-Sektoru.jpg 600w, https:\/\/www.suntekinternational.com\/turkish\/wp-content\/uploads\/2011\/04\/Danismanlik-Sanayi-Sektoru-300x200.jpg 300w\" sizes=\"(max-width: 600px) 100vw, 600px\" \/><\/a><br \/>Sanayiye Y\u00f6nelik Dan\u0131\u015fmanl\u0131k<\/strong><\/p>\n<p>\u2022\u00a0\u00a0\u00a0 Ulusal ve uluslararas\u0131 te\u015fvik ve destekleri tan\u0131t\u0131p, sanayi kurulu\u015funa uygun olan\/olanlar\u0131 se\u00e7mek, yol haritas\u0131 \u00e7\u0131karmak<br \/>\u2022\u00a0\u00a0\u00a0 Bu desteklerin al\u0131nmas\u0131 i\u00e7in gerekli ba\u015fvuru\/ba\u015fvurular\u0131 yapmak, i\u015flemleri takip etmek ve sonu\u00e7land\u0131rmak<br \/>\u2022\u00a0\u00a0\u00a0 Bilgilendirme toplant\u0131lar\u0131 d\u00fczenlemek<br \/>\u2022\u00a0\u00a0\u00a0 Sekt\u00f6rel analiz projeleri olu\u015fturulmas\u0131nda dan\u0131\u015fmanl\u0131k<br \/>\u2022\u00a0\u00a0\u00a0 Stratejik enerji planlama \u00e7al\u0131\u015fmalar\u0131<br \/>\u2022\u00a0\u00a0\u00a0 Kurumsal strateji \u00e7al\u0131\u015fmalar\u0131 (kurumsal kimlik, kurumsal ilerleme, kurumsal eylem plan\u0131 olu\u015fturma vb.)<\/p>\n","protected":false},"excerpt":{"rendered":"<p>Sanayiye Y\u00f6nelik Dan\u0131\u015fmanl\u0131k \u2022\u00a0\u00a0\u00a0 Ulusal ve uluslararas\u0131 te\u015fvik ve destekleri tan\u0131t\u0131p, sanayi kurulu\u015funa uygun olan\/olanlar\u0131 se\u00e7mek, yol haritas\u0131 \u00e7\u0131karmak\u2022\u00a0\u00a0\u00a0 Bu desteklerin al\u0131nmas\u0131 i\u00e7in gerekli ba\u015fvuru\/ba\u015fvurular\u0131 yapmak, i\u015flemleri takip etmek ve sonu\u00e7land\u0131rmak\u2022\u00a0\u00a0\u00a0 Bilgilendirme toplant\u0131lar\u0131 d\u00fczenlemek\u2022\u00a0\u00a0\u00a0 Sekt\u00f6rel analiz projeleri olu\u015fturulmas\u0131nda dan\u0131\u015fmanl\u0131k\u2022\u00a0\u00a0\u00a0 Stratejik enerji planlama \u00e7al\u0131\u015fmalar\u0131\u2022\u00a0\u00a0\u00a0 Kurumsal strateji \u00e7al\u0131\u015fmalar\u0131 (kurumsal kimlik, kurumsal ilerleme, kurumsal eylem plan\u0131 olu\u015fturma vb.)<\/p>\n","protected":false},"author":75,"featured_media":0,"parent":165,"menu_order":0,"comment_status":"open","ping_status":"closed","template":"","meta":[],"_links":{"self":[{"href":"https:\/\/www.suntekinternational.com\/turkish\/wp-json\/wp\/v2\/pages\/167"}],"collection":[{"href":"https:\/\/www.suntekinternational.com\/turkish\/wp-json\/wp\/v2\/pages"}],"about":[{"href":"https:\/\/www.suntekinternational.com\/turkish\/wp-json\/wp\/v2\/types\/page"}],"author":[{"embeddable":true,"href":"https:\/\/www.suntekinternational.com\/turkish\/wp-json\/wp\/v2\/users\/75"}],"replies":[{"embeddable":true,"href":"https:\/\/www.suntekinternational.com\/turkish\/wp-json\/wp\/v2\/comments?post=167"}],"version-history":[{"count":5,"href":"https:\/\/www.suntekinternational.com\/turkish\/wp-json\/wp\/v2\/pages\/167\/revisions"}],"predecessor-version":[{"id":190,"href":"https:\/\/www.suntekinternational.com\/turkish\/wp-json\/wp\/v2\/pages\/167\/revisions\/190"}],"up":[{"embeddable":true,"href":"https:\/\/www.suntekinternational.com\/turkish\/wp-json\/wp\/v2\/pages\/165"}],"wp:attachment":[{"href":"https:\/\/www.suntekinternational.com\/turkish\/wp-json\/wp\/v2\/media?parent=167"}],"curies":[{"name":"wp","href":"https:\/\/api.w.org\/{rel}","templated":true}]}}