{"id":163,"date":"2011-04-10T11:05:07","date_gmt":"2011-04-10T09:05:07","guid":{"rendered":"http:\/\/www.suntekinternational.com\/?page_id=163"},"modified":"2011-04-27T18:37:58","modified_gmt":"2011-04-27T16:37:58","slug":"yonetim","status":"publish","type":"page","link":"https:\/\/www.suntekinternational.com\/turkish\/proje-ve-teknoloji-hizmetleri\/yonetim\/","title":{"rendered":"Y\u00f6netim"},"content":{"rendered":"<p><a href=\"https:\/\/www.suntekinternational.com\/turkish\/wp-content\/uploads\/2011\/04\/proje-y\u00f6netimi-tak\u0131m.jpg\"><img loading=\"lazy\" class=\"alignnone size-full wp-image-378\" style=\"border: 1px solid black;\" title=\"Proje Y\u00f6netimi\" src=\"https:\/\/www.suntekinternational.com\/turkish\/wp-content\/uploads\/2011\/04\/proje-y\u00f6netimi-tak\u0131m.jpg\" alt=\"\" width=\"600\" height=\"400\" srcset=\"https:\/\/www.suntekinternational.com\/turkish\/wp-content\/uploads\/2011\/04\/proje-y\u00f6netimi-tak\u0131m.jpg 600w, https:\/\/www.suntekinternational.com\/turkish\/wp-content\/uploads\/2011\/04\/proje-y\u00f6netimi-tak\u0131m-300x200.jpg 300w\" sizes=\"(max-width: 600px) 100vw, 600px\" \/><\/a><br \/>Farkl\u0131 disiplinlerin kat\u0131l\u0131mc\u0131lar\u0131yla karma\u015f\u0131k bir yap\u0131 g\u00f6steren projelerin metodik olarak y\u00f6netilmesi ve bu konuda metodik olarak y\u00f6netilmesi ve bu konuda e\u011fitimli kadrolar\u0131n olu\u015fturulmas\u0131 \u00f6nem arzetmektedir. Kadrolar \u00e7e\u015fitli \u00fcniversitelerden ve sanayii kurulu\u015flar\u0131ndan davet edilecek ara\u015ft\u0131rmac\u0131lar ile olu\u015fturulaca\u011f\u0131 gibi, yeterli bilgi seviyesinde eleman bulunmamas\u0131 veya proje sahibi kurulu\u015flar\u0131n kendi elemanlar\u0131n\u0131 yeti\u015ftirme talepleri olmas\u0131 halinde, Suntek International taraf\u0131ndan Proje Y\u00f6netim program\u0131 kendilerine sunulabilir.<\/p>\n<p>Bu program kapsam\u0131nda, konusunda derinlemesine bilgi sahibi olarak uzmanla\u015fmak isteyen kat\u0131l\u0131mc\u0131lara uluslararas\u0131 kabul g\u00f6rm\u00fc\u015f metodolojileri \u00e7er\u00e7evesinde proje y\u00f6netim s\u00fcre\u00e7leri, bilgi alanlar\u0131, proje y\u00f6netim standartlar\u0131, ara\u00e7 ve teknikleri detaylar\u0131yla aktar\u0131l\u0131r.<\/p>\n<p>E\u011fitim sonunda kat\u0131l\u0131mc\u0131lar\u0131n,<\/p>\n<ul>\n<li>Temel\u00a0 Proje Y\u00f6netim Terminolojisi ve Genel Kavramlara hakim olmas\u0131,<\/li>\n<li>A\u015fa\u011f\u0131daki bilgi alanlar\u0131nda edindikleri bilgileri kullanarak proleri ba\u015flatma, planlama, uygulama, kontrol ve kapatma s\u00fcre\u00e7lerinde Microsoft Project ile \u00f6rneklemeler yapabilmesi ama\u00e7lan\u0131r.\n<ul>\n<li>Entegrasyon Y\u00f6netimi (b\u00fct\u00fcnle\u015fik Proje Y\u00f6netimi)<\/li>\n<li>Kapsam Y\u00f6netimi<\/li>\n<li>Zaman Y\u00f6netimi<\/li>\n<li>Maliyet Y\u00f6netimi<\/li>\n<li>Kalite Y\u00f6netimi<\/li>\n<li>\u0130nsan Kaynaklar\u0131 Y\u00f6netimi<\/li>\n<li>\u0130leti\u015fim Y\u00f6netimi<\/li>\n<li>Risk Y\u00f6netimi<\/li>\n<li>Tedarik ve Sat\u0131n Alma Y\u00f6netimi<\/li>\n<\/ul>\n<\/li>\n<\/ul>\n","protected":false},"excerpt":{"rendered":"<p>Farkl\u0131 disiplinlerin kat\u0131l\u0131mc\u0131lar\u0131yla karma\u015f\u0131k bir yap\u0131 g\u00f6steren projelerin metodik olarak y\u00f6netilmesi ve bu konuda metodik olarak y\u00f6netilmesi ve bu konuda e\u011fitimli kadrolar\u0131n olu\u015fturulmas\u0131 \u00f6nem arzetmektedir. Kadrolar \u00e7e\u015fitli \u00fcniversitelerden ve sanayii kurulu\u015flar\u0131ndan davet edilecek ara\u015ft\u0131rmac\u0131lar ile olu\u015fturulaca\u011f\u0131 gibi, yeterli bilgi seviyesinde eleman bulunmamas\u0131 veya proje sahibi kurulu\u015flar\u0131n kendi elemanlar\u0131n\u0131 yeti\u015ftirme talepleri olmas\u0131 halinde, Suntek International taraf\u0131ndan [&hellip;]<\/p>\n","protected":false},"author":75,"featured_media":0,"parent":154,"menu_order":0,"comment_status":"open","ping_status":"closed","template":"","meta":[],"_links":{"self":[{"href":"https:\/\/www.suntekinternational.com\/turkish\/wp-json\/wp\/v2\/pages\/163"}],"collection":[{"href":"https:\/\/www.suntekinternational.com\/turkish\/wp-json\/wp\/v2\/pages"}],"about":[{"href":"https:\/\/www.suntekinternational.com\/turkish\/wp-json\/wp\/v2\/types\/page"}],"author":[{"embeddable":true,"href":"https:\/\/www.suntekinternational.com\/turkish\/wp-json\/wp\/v2\/users\/75"}],"replies":[{"embeddable":true,"href":"https:\/\/www.suntekinternational.com\/turkish\/wp-json\/wp\/v2\/comments?post=163"}],"version-history":[{"count":4,"href":"https:\/\/www.suntekinternational.com\/turkish\/wp-json\/wp\/v2\/pages\/163\/revisions"}],"predecessor-version":[{"id":174,"href":"https:\/\/www.suntekinternational.com\/turkish\/wp-json\/wp\/v2\/pages\/163\/revisions\/174"}],"up":[{"embeddable":true,"href":"https:\/\/www.suntekinternational.com\/turkish\/wp-json\/wp\/v2\/pages\/154"}],"wp:attachment":[{"href":"https:\/\/www.suntekinternational.com\/turkish\/wp-json\/wp\/v2\/media?parent=163"}],"curies":[{"name":"wp","href":"https:\/\/api.w.org\/{rel}","templated":true}]}}