{"id":161,"date":"2011-04-10T11:04:49","date_gmt":"2011-04-10T09:04:49","guid":{"rendered":"http:\/\/www.suntekinternational.com\/?page_id=161"},"modified":"2011-04-29T13:59:26","modified_gmt":"2011-04-29T11:59:26","slug":"sektorel-proje-analizi","status":"publish","type":"page","link":"https:\/\/www.suntekinternational.com\/turkish\/proje-ve-teknoloji-hizmetleri\/sektorel-proje-analizi\/","title":{"rendered":"Sekt\u00f6rel Proje Analizi"},"content":{"rendered":"<p><strong><a href=\"https:\/\/www.suntekinternational.com\/turkish\/wp-content\/uploads\/2011\/04\/Projelendirme.jpg\"><img loading=\"lazy\" class=\"alignnone size-full wp-image-375\" style=\"border: 1px solid black;\" title=\"Sekt\u00f6rel Proje Analizi\" src=\"https:\/\/www.suntekinternational.com\/turkish\/wp-content\/uploads\/2011\/04\/Projelendirme.jpg\" alt=\"\" width=\"600\" height=\"400\" srcset=\"https:\/\/www.suntekinternational.com\/turkish\/wp-content\/uploads\/2011\/04\/Projelendirme.jpg 600w, https:\/\/www.suntekinternational.com\/turkish\/wp-content\/uploads\/2011\/04\/Projelendirme-300x200.jpg 300w\" sizes=\"(max-width: 600px) 100vw, 600px\" \/><\/a><br \/>\u0130\u015fin Tan\u0131m\u0131<\/strong><br \/>Rekabet \u00f6ncesi bir \u00e7al\u0131\u015fma ile sekt\u00f6rlerde olas\u0131 geli\u015fmelere paralel olarak d\u0131\u015fa ba\u011f\u0131ml\u0131l\u0131\u011f\u0131 azaltacak, rekabet\u00e7i yap\u0131y\u0131 artt\u0131racak ve d\u00fcnya ticaretinde pay sahibi yapacak yat\u0131r\u0131m ve eylemlerin neler olmas\u0131 gerekti\u011fini belirleyecek, sekt\u00f6rel platformlar\u0131n (a\u011fyap\u0131 ve k\u00fcmele\u015fmeler) olu\u015fma ko\u015fullar\u0131n\u0131 irdeleyecek, \u00f6ng\u00f6r\u00fc niteli\u011finde bir \u201cStratejik Ara\u015ft\u0131rma ve Uygulama Plan\u0131\u201dn\u0131n haz\u0131rlanmas\u0131.<\/p>\n<p><strong>\u00c7al\u0131\u015fman\u0131n genel a\u015famalar\u0131<\/strong><\/p>\n<p>&#8211;\u00a0 Durum Analiz Raporu (payda\u015flar, rakipler, i\u00e7 ve d\u0131\u015f de\u011ferlendirme)<\/p>\n<p>&#8211;\u00a0 \u00d6ng\u00f6r\u00fc (Misyon, Vizyon ve \u0130lkeler)<\/p>\n<p>&#8211;\u00a0 Stratejik Ama\u00e7lar<\/p>\n<p>&#8211;\u00a0 Eylem Plan\u0131<\/p>\n<p><strong>\u00c7al\u0131\u015fman\u0131n kapsam\u0131<\/strong><br \/>&#8211;\u00a0 Sekt\u00f6r\u00fcn bulundu\u011fu nokta ile ula\u015fmay\u0131 arzu etti\u011fi durum aras\u0131ndaki yol tarif edilecek; (Sekt\u00f6r\u00fcn rekabet\u00e7ili\u011fi ba\u011flam\u0131nda; mevcut rekabet\u00e7i \u00fcst\u00fcnl\u00fckleri ve kaynaklar\u0131 ve rekabet\u00e7ilik i\u00e7in gereken d\u00f6n\u00fc\u015f\u00fcm ve yenilenme konular\u0131 incelenecektir)<\/p>\n<p>&#8211;\u00a0 Sekt\u00f6r\u00fcn ama\u00e7lar\u0131, hedefleri ve bunlara ula\u015fmay\u0131 m\u00fcmk\u00fcn k\u0131lacak y\u00f6ntemler belirlenecek (sahip olunmas\u0131 gereken teknolojiler ve teknolojik, y\u00f6netimsel yetkinlikler; d\u00fcnya ba\u011flam\u0131nda y\u00f6nelimler ve belirleyici teknolojilerin, sekt\u00f6r ba\u011flam\u0131nda sahip olunmas\u0131 gereken teknolojik yetkinliklerin incelendi\u011fi \u00e7al\u0131\u015fma, T\u00fcrkiye sekt\u00f6r\u00fcn\u00fcn kar\u015f\u0131la\u015ft\u0131rmal\u0131 bir durum saptamas\u0131 i\u00e7in referans olu\u015fturacakt\u0131r);<\/p>\n<p>&#8211;\u00a0 Uzun vadeli ve gelece\u011fe d\u00f6n\u00fck bir bak\u0131\u015f a\u00e7\u0131s\u0131 tan\u0131mlanacak; (sekt\u00f6r\u00fcn gelece\u011fe d\u00f6n\u00fck \u00f6ng\u00f6r\u00fcleri senaryolar ba\u011flam\u0131nda tan\u0131mlanmaya cal\u0131\u015f\u0131lacakt\u0131r)<\/p>\n<p>Teknolojik yetenek, bir i\u015fletmenin stratejik rekabet avantaj\u0131 yaratmak i\u00e7in gerekli teknolojileri kullanma, se\u00e7me ve geli\u015ftirme faaliyetlerinin b\u00fct\u00fcn\u00fcn\u00fc ifade eder:<em> <\/em><\/p>\n<p><em><span style=\"text-decoration: underline;\">Teknoloji kullanma (\u00fcretim yetene\u011fi)<br \/><\/span><\/em>Verili bir teknolojiyi etkin kullanabilme yetene\u011fi;<\/p>\n<p><em><span style=\"text-decoration: underline;\">Teknoloji se\u00e7me (yat\u0131r\u0131m yetene\u011fi)<br \/><\/span><\/em>Teknoloji se\u00e7enekleri aras\u0131ndan mevcut ko\u015fullara en uygun olan\u0131n\u0131 se\u00e7ebilme yetene\u011fi;<\/p>\n<p><em><span style=\"text-decoration: underline;\">Teknoloji geli\u015ftirme (yenilik yetene\u011fi)<br \/><\/span><\/em>Yeni teknoloji se\u00e7enekleri geli\u015ftirme yetene\u011fi.<\/p>\n<p><em> <\/em><\/p>\n<p><strong>\u00c7al\u0131\u015fma y\u00f6ntemi<\/strong><em><br \/>Sekt\u00f6r\u00fcn ana gruplar\u0131 esas al\u0131narak g\u00fc\u00e7l\u00fc ve zay\u0131f y\u00f6nleri ile f\u0131rsat ve darbo\u011fazlar\u0131, \u00e7al\u0131\u015fma gruplar\u0131n\u0131n etkin kat\u0131l\u0131m\u0131 ile belirlenecektir. Yetkinliklerin belirlenmesi ana gruplar\u0131 temsil eden firmalrla y\u00fcz y\u00fcze g\u00f6r\u00fc\u015fme ve anket uygulamalar\u0131yla yap\u0131lacakt\u0131r. Sekt\u00f6r ve ana gruplar\u0131n temsilcilerinden olu\u015fan \u201cproje y\u00fcr\u00fctme kurulu\u201d dan\u0131\u015fmanl\u0131k e\u015fli\u011finde projenin y\u00fcr\u00fct\u00fclmesinden sorumlu olacakt\u0131r. Sekt\u00f6rel \u00f6ng\u00f6r\u00fc \u00e7al\u0131\u015fmalar\u0131 da katy\u0131l\u0131ml\u0131 y\u00f6ntemlerle ger\u00e7ekle\u015ftirilecektir.<\/em><\/p>\n","protected":false},"excerpt":{"rendered":"<p>\u0130\u015fin Tan\u0131m\u0131Rekabet \u00f6ncesi bir \u00e7al\u0131\u015fma ile sekt\u00f6rlerde olas\u0131 geli\u015fmelere paralel olarak d\u0131\u015fa ba\u011f\u0131ml\u0131l\u0131\u011f\u0131 azaltacak, rekabet\u00e7i yap\u0131y\u0131 artt\u0131racak ve d\u00fcnya ticaretinde pay sahibi yapacak yat\u0131r\u0131m ve eylemlerin neler olmas\u0131 gerekti\u011fini belirleyecek, sekt\u00f6rel platformlar\u0131n (a\u011fyap\u0131 ve k\u00fcmele\u015fmeler) olu\u015fma ko\u015fullar\u0131n\u0131 irdeleyecek, \u00f6ng\u00f6r\u00fc niteli\u011finde bir \u201cStratejik Ara\u015ft\u0131rma ve Uygulama Plan\u0131\u201dn\u0131n haz\u0131rlanmas\u0131. \u00c7al\u0131\u015fman\u0131n genel a\u015famalar\u0131 &#8211;\u00a0 Durum Analiz Raporu (payda\u015flar, [&hellip;]<\/p>\n","protected":false},"author":75,"featured_media":407,"parent":154,"menu_order":0,"comment_status":"open","ping_status":"closed","template":"","meta":[],"_links":{"self":[{"href":"https:\/\/www.suntekinternational.com\/turkish\/wp-json\/wp\/v2\/pages\/161"}],"collection":[{"href":"https:\/\/www.suntekinternational.com\/turkish\/wp-json\/wp\/v2\/pages"}],"about":[{"href":"https:\/\/www.suntekinternational.com\/turkish\/wp-json\/wp\/v2\/types\/page"}],"author":[{"embeddable":true,"href":"https:\/\/www.suntekinternational.com\/turkish\/wp-json\/wp\/v2\/users\/75"}],"replies":[{"embeddable":true,"href":"https:\/\/www.suntekinternational.com\/turkish\/wp-json\/wp\/v2\/comments?post=161"}],"version-history":[{"count":7,"href":"https:\/\/www.suntekinternational.com\/turkish\/wp-json\/wp\/v2\/pages\/161\/revisions"}],"predecessor-version":[{"id":181,"href":"https:\/\/www.suntekinternational.com\/turkish\/wp-json\/wp\/v2\/pages\/161\/revisions\/181"}],"up":[{"embeddable":true,"href":"https:\/\/www.suntekinternational.com\/turkish\/wp-json\/wp\/v2\/pages\/154"}],"wp:featuredmedia":[{"embeddable":true,"href":"https:\/\/www.suntekinternational.com\/turkish\/wp-json\/wp\/v2\/media\/407"}],"wp:attachment":[{"href":"https:\/\/www.suntekinternational.com\/turkish\/wp-json\/wp\/v2\/media?parent=161"}],"curies":[{"name":"wp","href":"https:\/\/api.w.org\/{rel}","templated":true}]}}