{"id":157,"date":"2011-04-10T11:04:15","date_gmt":"2011-04-10T09:04:15","guid":{"rendered":"http:\/\/www.suntekinternational.com\/?page_id=157"},"modified":"2011-04-27T18:34:26","modified_gmt":"2011-04-27T16:34:26","slug":"gelistirme","status":"publish","type":"page","link":"https:\/\/www.suntekinternational.com\/turkish\/proje-ve-teknoloji-hizmetleri\/gelistirme\/","title":{"rendered":"Geli\u015ftirme"},"content":{"rendered":"<p><a href=\"https:\/\/www.suntekinternational.com\/turkish\/wp-content\/uploads\/2011\/04\/guner-enerjisi-turkiye.jpg\"><img loading=\"lazy\" class=\"alignnone size-full wp-image-373\" style=\"border: 1px solid black;\" title=\"gune\u015f enerjisi t\u00fcrkiye\" src=\"https:\/\/www.suntekinternational.com\/turkish\/wp-content\/uploads\/2011\/04\/guner-enerjisi-turkiye.jpg\" alt=\"\" width=\"600\" height=\"400\" srcset=\"https:\/\/www.suntekinternational.com\/turkish\/wp-content\/uploads\/2011\/04\/guner-enerjisi-turkiye.jpg 600w, https:\/\/www.suntekinternational.com\/turkish\/wp-content\/uploads\/2011\/04\/guner-enerjisi-turkiye-300x200.jpg 300w\" sizes=\"(max-width: 600px) 100vw, 600px\" \/><\/a><br \/>Suntek International kurulu\u015flara disiplinler aras\u0131 ara\u015ft\u0131rma ve geli\u015ftirme projeleri olu\u015fturma, gerekli insan kayna\u011f\u0131n\u0131 \u00fcniversitelerden ve\/veya sanayiden yaratma ve projeler i\u00e7in ulusal ve uluslararas\u0131 fon\/destek bulma konusunda \u00e7al\u0131\u015fma yapar.<\/p>\n<p>Suntek elemanlar\u0131 \u00f6zellikle enerji sistemleri alan\u0131nda olmak \u00fczere, 3. nesil ve inovatif \u00e7\u00f6z\u00fcmleri i\u00e7eren tasar\u0131m, ve fizibilite \u00e7al\u0131\u015fmalar\u0131 konular\u0131nda yard\u0131mc\u0131 olurlar.<\/p>\n<p>Suntek, ara\u015ft\u0131rma ve geli\u015ftirme \u00e7al\u0131\u015ft\u0131rmalar\u0131n\u0131zda kurulu\u015funuza g\u00fc\u00e7 katmak ve\u00a0 rekabette \u00f6ne \u00e7\u0131karmak amac\u0131n\u0131 g\u00fcder. Ba\u015far\u0131n\u0131z i\u00e7in yeni f\u0131rsatlar yarat\u0131r.<\/p>\n","protected":false},"excerpt":{"rendered":"<p>Suntek International kurulu\u015flara disiplinler aras\u0131 ara\u015ft\u0131rma ve geli\u015ftirme projeleri olu\u015fturma, gerekli insan kayna\u011f\u0131n\u0131 \u00fcniversitelerden ve\/veya sanayiden yaratma ve projeler i\u00e7in ulusal ve uluslararas\u0131 fon\/destek bulma konusunda \u00e7al\u0131\u015fma yapar. Suntek elemanlar\u0131 \u00f6zellikle enerji sistemleri alan\u0131nda olmak \u00fczere, 3. nesil ve inovatif \u00e7\u00f6z\u00fcmleri i\u00e7eren tasar\u0131m, ve fizibilite \u00e7al\u0131\u015fmalar\u0131 konular\u0131nda yard\u0131mc\u0131 olurlar. Suntek, ara\u015ft\u0131rma ve geli\u015ftirme \u00e7al\u0131\u015ft\u0131rmalar\u0131n\u0131zda kurulu\u015funuza [&hellip;]<\/p>\n","protected":false},"author":75,"featured_media":0,"parent":154,"menu_order":0,"comment_status":"open","ping_status":"closed","template":"","meta":[],"_links":{"self":[{"href":"https:\/\/www.suntekinternational.com\/turkish\/wp-json\/wp\/v2\/pages\/157"}],"collection":[{"href":"https:\/\/www.suntekinternational.com\/turkish\/wp-json\/wp\/v2\/pages"}],"about":[{"href":"https:\/\/www.suntekinternational.com\/turkish\/wp-json\/wp\/v2\/types\/page"}],"author":[{"embeddable":true,"href":"https:\/\/www.suntekinternational.com\/turkish\/wp-json\/wp\/v2\/users\/75"}],"replies":[{"embeddable":true,"href":"https:\/\/www.suntekinternational.com\/turkish\/wp-json\/wp\/v2\/comments?post=157"}],"version-history":[{"count":6,"href":"https:\/\/www.suntekinternational.com\/turkish\/wp-json\/wp\/v2\/pages\/157\/revisions"}],"predecessor-version":[{"id":176,"href":"https:\/\/www.suntekinternational.com\/turkish\/wp-json\/wp\/v2\/pages\/157\/revisions\/176"}],"up":[{"embeddable":true,"href":"https:\/\/www.suntekinternational.com\/turkish\/wp-json\/wp\/v2\/pages\/154"}],"wp:attachment":[{"href":"https:\/\/www.suntekinternational.com\/turkish\/wp-json\/wp\/v2\/media?parent=157"}],"curies":[{"name":"wp","href":"https:\/\/api.w.org\/{rel}","templated":true}]}}