{"id":144,"date":"2011-04-10T10:48:31","date_gmt":"2011-04-10T08:48:31","guid":{"rendered":"http:\/\/www.suntekinternational.com\/?page_id=144"},"modified":"2011-04-27T18:58:06","modified_gmt":"2011-04-27T16:58:06","slug":"degerlerimiz","status":"publish","type":"page","link":"https:\/\/www.suntekinternational.com\/turkish\/hakkimizda\/degerlerimiz\/","title":{"rendered":"De\u011ferlerimiz"},"content":{"rendered":"<div><a href=\"https:\/\/www.suntekinternational.com\/turkish\/wp-content\/uploads\/2011\/04\/degerlerimiz.jpg\"><img loading=\"lazy\" class=\"alignnone size-full wp-image-388\" style=\"border: 1px solid black;\" title=\"De\u011ferlerimiz\" src=\"https:\/\/www.suntekinternational.com\/turkish\/wp-content\/uploads\/2011\/04\/degerlerimiz.jpg\" alt=\"\" width=\"600\" height=\"400\" srcset=\"https:\/\/www.suntekinternational.com\/turkish\/wp-content\/uploads\/2011\/04\/degerlerimiz.jpg 600w, https:\/\/www.suntekinternational.com\/turkish\/wp-content\/uploads\/2011\/04\/degerlerimiz-300x200.jpg 300w\" sizes=\"(max-width: 600px) 100vw, 600px\" \/><\/a><\/div>\n<ul>\n<li>Etik kurallara uymak,<\/li>\n<li>Gizlilik kurallar\u0131na uymak,<\/li>\n<li>\u00dcstlenilen i\u015fleri resmi mevzuatlara ve      standartlara uygun olarak y\u00fcr\u00fctmek,<\/li>\n<li>\u00c7\u00f6z\u00fcm ortaklar\u0131m\u0131z ile birlikte m\u00fc\u015fteri i\u00e7in      katma de\u011feri en \u00fcst seviyeye \u00e7\u0131kartmak,<\/li>\n<\/ul>\n","protected":false},"excerpt":{"rendered":"<p>Etik kurallara uymak, Gizlilik kurallar\u0131na uymak, \u00dcstlenilen i\u015fleri resmi mevzuatlara ve standartlara uygun olarak y\u00fcr\u00fctmek, \u00c7\u00f6z\u00fcm ortaklar\u0131m\u0131z ile birlikte m\u00fc\u015fteri i\u00e7in katma de\u011feri en \u00fcst seviyeye \u00e7\u0131kartmak,<\/p>\n","protected":false},"author":75,"featured_media":0,"parent":283,"menu_order":3,"comment_status":"open","ping_status":"closed","template":"","meta":[],"_links":{"self":[{"href":"https:\/\/www.suntekinternational.com\/turkish\/wp-json\/wp\/v2\/pages\/144"}],"collection":[{"href":"https:\/\/www.suntekinternational.com\/turkish\/wp-json\/wp\/v2\/pages"}],"about":[{"href":"https:\/\/www.suntekinternational.com\/turkish\/wp-json\/wp\/v2\/types\/page"}],"author":[{"embeddable":true,"href":"https:\/\/www.suntekinternational.com\/turkish\/wp-json\/wp\/v2\/users\/75"}],"replies":[{"embeddable":true,"href":"https:\/\/www.suntekinternational.com\/turkish\/wp-json\/wp\/v2\/comments?post=144"}],"version-history":[{"count":5,"href":"https:\/\/www.suntekinternational.com\/turkish\/wp-json\/wp\/v2\/pages\/144\/revisions"}],"predecessor-version":[{"id":184,"href":"https:\/\/www.suntekinternational.com\/turkish\/wp-json\/wp\/v2\/pages\/144\/revisions\/184"}],"up":[{"embeddable":true,"href":"https:\/\/www.suntekinternational.com\/turkish\/wp-json\/wp\/v2\/pages\/283"}],"wp:attachment":[{"href":"https:\/\/www.suntekinternational.com\/turkish\/wp-json\/wp\/v2\/media?parent=144"}],"curies":[{"name":"wp","href":"https:\/\/api.w.org\/{rel}","templated":true}]}}