{"id":142,"date":"2011-04-10T10:47:25","date_gmt":"2011-04-10T08:47:25","guid":{"rendered":"http:\/\/www.suntekinternational.com\/?page_id=142"},"modified":"2011-04-27T17:46:21","modified_gmt":"2011-04-27T15:46:21","slug":"faaliyet-alanlari","status":"publish","type":"page","link":"https:\/\/www.suntekinternational.com\/turkish\/hakkimizda\/faaliyet-alanlari\/","title":{"rendered":"Faaliyet Alanlar\u0131"},"content":{"rendered":"<ul>\n<li>Ar-Ge projelerinin geli\u015ftirilmesi ve y\u00f6netimi,<\/li>\n<li>\u00dcr\u00fcn Geli\u015ftirme ve Y\u00f6netimi,<\/li>\n<li>Fikri haklar y\u00f6netimi ve organizasyonu,<\/li>\n<li>Teknoloji transferi faaliyetlerinin      y\u00fcr\u00fct\u00fclmesi,<\/li>\n<li>Yenilik\u00e7i ve teknoloji tabanl\u0131 i\u015f      geli\u015ftirmeye y\u00f6nelik dan\u0131\u015fmanl\u0131k hizmetleri,<\/li>\n<li>Giri\u015fimci geli\u015ftirme programlar\u0131n\u0131n      y\u00fcr\u00fct\u00fclmesi,<\/li>\n<li>Kurumsal yap\u0131lanma.<\/li>\n<\/ul>\n<p>Kurulu\u015flar\u0131n yenilik ve geli\u015ftirme projelerinin, ulusal destekler (TUBITAK, TEYDEB, TTGV, KOSGEB, \u00a0SAN-TEZ v.b) ile hibe veya geri \u00f6demeli olarak fonland\u0131r\u0131lmas\u0131nda destek olunmaktad\u0131r. Ayn\u0131 sekilde cesitli AB ve diger uluslar aras\u0131 proje desteklerinin temininde de destek olunmaktad\u0131r.<\/p>\n<p>Suntek International,AR-GE projeleri \u00f6nerme, y\u00f6netme, sonu\u00e7land\u0131rma a\u015famalar\u0131nda bilgi ve y\u00f6nlendirme deste\u011fi de sa\u011flamaktad\u0131r.<\/p>\n","protected":false},"excerpt":{"rendered":"<p>Ar-Ge projelerinin geli\u015ftirilmesi ve y\u00f6netimi, \u00dcr\u00fcn Geli\u015ftirme ve Y\u00f6netimi, Fikri haklar y\u00f6netimi ve organizasyonu, Teknoloji transferi faaliyetlerinin y\u00fcr\u00fct\u00fclmesi, Yenilik\u00e7i ve teknoloji tabanl\u0131 i\u015f geli\u015ftirmeye y\u00f6nelik dan\u0131\u015fmanl\u0131k hizmetleri, Giri\u015fimci geli\u015ftirme programlar\u0131n\u0131n y\u00fcr\u00fct\u00fclmesi, Kurumsal yap\u0131lanma. Kurulu\u015flar\u0131n yenilik ve geli\u015ftirme projelerinin, ulusal destekler (TUBITAK, TEYDEB, TTGV, KOSGEB, \u00a0SAN-TEZ v.b) ile hibe veya geri \u00f6demeli olarak fonland\u0131r\u0131lmas\u0131nda destek olunmaktad\u0131r. [&hellip;]<\/p>\n","protected":false},"author":75,"featured_media":0,"parent":283,"menu_order":4,"comment_status":"open","ping_status":"closed","template":"","meta":[],"_links":{"self":[{"href":"https:\/\/www.suntekinternational.com\/turkish\/wp-json\/wp\/v2\/pages\/142"}],"collection":[{"href":"https:\/\/www.suntekinternational.com\/turkish\/wp-json\/wp\/v2\/pages"}],"about":[{"href":"https:\/\/www.suntekinternational.com\/turkish\/wp-json\/wp\/v2\/types\/page"}],"author":[{"embeddable":true,"href":"https:\/\/www.suntekinternational.com\/turkish\/wp-json\/wp\/v2\/users\/75"}],"replies":[{"embeddable":true,"href":"https:\/\/www.suntekinternational.com\/turkish\/wp-json\/wp\/v2\/comments?post=142"}],"version-history":[{"count":4,"href":"https:\/\/www.suntekinternational.com\/turkish\/wp-json\/wp\/v2\/pages\/142\/revisions"}],"predecessor-version":[{"id":361,"href":"https:\/\/www.suntekinternational.com\/turkish\/wp-json\/wp\/v2\/pages\/142\/revisions\/361"}],"up":[{"embeddable":true,"href":"https:\/\/www.suntekinternational.com\/turkish\/wp-json\/wp\/v2\/pages\/283"}],"wp:attachment":[{"href":"https:\/\/www.suntekinternational.com\/turkish\/wp-json\/wp\/v2\/media?parent=142"}],"curies":[{"name":"wp","href":"https:\/\/api.w.org\/{rel}","templated":true}]}}