{"id":139,"date":"2011-04-10T10:33:51","date_gmt":"2011-04-10T08:33:51","guid":{"rendered":"http:\/\/www.suntekinternational.com\/?page_id=139"},"modified":"2011-04-29T13:59:59","modified_gmt":"2011-04-29T11:59:59","slug":"misyon","status":"publish","type":"page","link":"https:\/\/www.suntekinternational.com\/turkish\/hakkimizda\/misyon\/","title":{"rendered":"Misyon"},"content":{"rendered":"<p><a href=\"https:\/\/www.suntekinternational.com\/turkish\/wp-content\/uploads\/2011\/04\/suntek-international-we-care-world.jpg\"><img loading=\"lazy\" class=\"alignnone size-full wp-image-367\" style=\"border: 1px solid black;\" title=\"suntek international misyon\" src=\"https:\/\/www.suntekinternational.com\/turkish\/wp-content\/uploads\/2011\/04\/suntek-international-we-care-world.jpg\" alt=\"\" width=\"600\" height=\"400\" srcset=\"https:\/\/www.suntekinternational.com\/turkish\/wp-content\/uploads\/2011\/04\/suntek-international-we-care-world.jpg 600w, https:\/\/www.suntekinternational.com\/turkish\/wp-content\/uploads\/2011\/04\/suntek-international-we-care-world-300x200.jpg 300w\" sizes=\"(max-width: 600px) 100vw, 600px\" \/><\/a><br \/>Suntek International, m\u00fc\u015fteri odakl\u0131, inovasyona, i\u015f ortakl\u0131\u011f\u0131na dayal\u0131 karl\u0131l\u0131k g\u00fcden \u00e7al\u0131\u015fmalar\u0131 hedefler.<\/p>\n<p><strong>M\u00fc\u015fteri Odakl\u0131<\/strong><br \/>K\u00fcresel d\u00fc\u015f\u00fcnce ve m\u00fc\u015fteri memnuniyetini esas alan \u00e7\u00f6z\u00fcmler<\/p>\n<p><strong>\u0130nnovasyon<\/strong><br \/> Kalite, innovasyon ve yarat\u0131c\u0131l\u0131\u011fa dayanan konuya \u00f6zel tasar\u0131mlar ve \u00e7\u00f6z\u00fcmler yaratmak<\/p>\n<p><strong>\u0130\u015f Ortakl\u0131\u011f\u0131<\/strong><br \/> G\u00fcven ve samimiyete dayal\u0131 ba\u015far\u0131l\u0131 ortakl\u0131klar olu\u015fturmak<\/p>\n<p><strong>Karl\u0131l\u0131k<br \/><\/strong>S\u00fcrekli \u00f6\u011frenme<strong>, <\/strong>ilerleme, dura\u011fanl\u0131ktan uzak kalma ve ba\u015far\u0131l\u0131 bir gelecek yaratmak i\u00e7in karl\u0131l\u0131k<strong><br \/><\/strong><br \/><strong>\u00c7evre Dostu \u00c7\u00f6z\u00fcmler<\/strong><br \/>Gelecek nesillere daha sa\u011fl\u0131kl\u0131 ve ya\u015fanabilir bir d\u00fcnya b\u0131rakmak, do\u011fay\u0131 korurken kirlenmeyi azaltacak \u00e7\u00f6z\u00fcmler \u00fcretmek<strong><\/strong><\/p>\n","protected":false},"excerpt":{"rendered":"<p>Suntek International, m\u00fc\u015fteri odakl\u0131, inovasyona, i\u015f ortakl\u0131\u011f\u0131na dayal\u0131 karl\u0131l\u0131k g\u00fcden \u00e7al\u0131\u015fmalar\u0131 hedefler. M\u00fc\u015fteri Odakl\u0131K\u00fcresel d\u00fc\u015f\u00fcnce ve m\u00fc\u015fteri memnuniyetini esas alan \u00e7\u00f6z\u00fcmler \u0130nnovasyon Kalite, innovasyon ve yarat\u0131c\u0131l\u0131\u011fa dayanan konuya \u00f6zel tasar\u0131mlar ve \u00e7\u00f6z\u00fcmler yaratmak \u0130\u015f Ortakl\u0131\u011f\u0131 G\u00fcven ve samimiyete dayal\u0131 ba\u015far\u0131l\u0131 ortakl\u0131klar olu\u015fturmak Karl\u0131l\u0131kS\u00fcrekli \u00f6\u011frenme, ilerleme, dura\u011fanl\u0131ktan uzak kalma ve ba\u015far\u0131l\u0131 bir gelecek yaratmak i\u00e7in karl\u0131l\u0131k\u00c7evre [&hellip;]<\/p>\n","protected":false},"author":75,"featured_media":410,"parent":283,"menu_order":1,"comment_status":"open","ping_status":"closed","template":"","meta":[],"_links":{"self":[{"href":"https:\/\/www.suntekinternational.com\/turkish\/wp-json\/wp\/v2\/pages\/139"}],"collection":[{"href":"https:\/\/www.suntekinternational.com\/turkish\/wp-json\/wp\/v2\/pages"}],"about":[{"href":"https:\/\/www.suntekinternational.com\/turkish\/wp-json\/wp\/v2\/types\/page"}],"author":[{"embeddable":true,"href":"https:\/\/www.suntekinternational.com\/turkish\/wp-json\/wp\/v2\/users\/75"}],"replies":[{"embeddable":true,"href":"https:\/\/www.suntekinternational.com\/turkish\/wp-json\/wp\/v2\/comments?post=139"}],"version-history":[{"count":8,"href":"https:\/\/www.suntekinternational.com\/turkish\/wp-json\/wp\/v2\/pages\/139\/revisions"}],"predecessor-version":[{"id":185,"href":"https:\/\/www.suntekinternational.com\/turkish\/wp-json\/wp\/v2\/pages\/139\/revisions\/185"}],"up":[{"embeddable":true,"href":"https:\/\/www.suntekinternational.com\/turkish\/wp-json\/wp\/v2\/pages\/283"}],"wp:featuredmedia":[{"embeddable":true,"href":"https:\/\/www.suntekinternational.com\/turkish\/wp-json\/wp\/v2\/media\/410"}],"wp:attachment":[{"href":"https:\/\/www.suntekinternational.com\/turkish\/wp-json\/wp\/v2\/media?parent=139"}],"curies":[{"name":"wp","href":"https:\/\/api.w.org\/{rel}","templated":true}]}}