{"id":137,"date":"2011-04-10T10:32:09","date_gmt":"2011-04-10T08:32:09","guid":{"rendered":"http:\/\/www.suntekinternational.com\/?page_id=137"},"modified":"2011-04-29T13:51:08","modified_gmt":"2011-04-29T11:51:08","slug":"vizyon","status":"publish","type":"page","link":"https:\/\/www.suntekinternational.com\/turkish\/hakkimizda\/vizyon\/","title":{"rendered":"Vizyon"},"content":{"rendered":"<p><a href=\"https:\/\/www.suntekinternational.com\/turkish\/wp-content\/uploads\/2011\/04\/responsible-energy-solutions.jpg\"><img loading=\"lazy\" class=\"alignnone size-full wp-image-369\" style=\"border: 1px solid black;\" title=\"Suntek International Vizyon \" src=\"https:\/\/www.suntekinternational.com\/turkish\/wp-content\/uploads\/2011\/04\/responsible-energy-solutions.jpg\" alt=\"\" width=\"600\" height=\"400\" srcset=\"https:\/\/www.suntekinternational.com\/turkish\/wp-content\/uploads\/2011\/04\/responsible-energy-solutions.jpg 600w, https:\/\/www.suntekinternational.com\/turkish\/wp-content\/uploads\/2011\/04\/responsible-energy-solutions-300x200.jpg 300w\" sizes=\"(max-width: 600px) 100vw, 600px\" \/><\/a><br \/>Ulusal ve uluslararas\u0131 yenilik\u00e7i projelerin geli\u015ftirilmesi, y\u00f6netilmesi, uygulanmas\u0131 ile kazand\u0131\u011f\u0131 deneyimi, transfer edebilece\u011fi her t\u00fcrl\u00fc sekt\u00f6rel alanda ba\u015far\u0131l\u0131 sonu\u00e7lar elde etmek, sanayi, akademi ve bilim d\u00fcnyas\u0131 isbirligi ile,uluslar aras\u0131 sayg\u0131nl\u0131k ve s\u00fcrd\u00fcr\u00fclebilir tan\u0131n\u0131rl\u0131\u011fa eri\u015fmektir.<\/p>\n","protected":false},"excerpt":{"rendered":"<p>Ulusal ve uluslararas\u0131 yenilik\u00e7i projelerin geli\u015ftirilmesi, y\u00f6netilmesi, uygulanmas\u0131 ile kazand\u0131\u011f\u0131 deneyimi, transfer edebilece\u011fi her t\u00fcrl\u00fc sekt\u00f6rel alanda ba\u015far\u0131l\u0131 sonu\u00e7lar elde etmek, sanayi, akademi ve bilim d\u00fcnyas\u0131 isbirligi ile,uluslar aras\u0131 sayg\u0131nl\u0131k ve s\u00fcrd\u00fcr\u00fclebilir tan\u0131n\u0131rl\u0131\u011fa eri\u015fmektir.<\/p>\n","protected":false},"author":75,"featured_media":405,"parent":283,"menu_order":2,"comment_status":"open","ping_status":"closed","template":"","meta":[],"_links":{"self":[{"href":"https:\/\/www.suntekinternational.com\/turkish\/wp-json\/wp\/v2\/pages\/137"}],"collection":[{"href":"https:\/\/www.suntekinternational.com\/turkish\/wp-json\/wp\/v2\/pages"}],"about":[{"href":"https:\/\/www.suntekinternational.com\/turkish\/wp-json\/wp\/v2\/types\/page"}],"author":[{"embeddable":true,"href":"https:\/\/www.suntekinternational.com\/turkish\/wp-json\/wp\/v2\/users\/75"}],"replies":[{"embeddable":true,"href":"https:\/\/www.suntekinternational.com\/turkish\/wp-json\/wp\/v2\/comments?post=137"}],"version-history":[{"count":6,"href":"https:\/\/www.suntekinternational.com\/turkish\/wp-json\/wp\/v2\/pages\/137\/revisions"}],"predecessor-version":[{"id":372,"href":"https:\/\/www.suntekinternational.com\/turkish\/wp-json\/wp\/v2\/pages\/137\/revisions\/372"}],"up":[{"embeddable":true,"href":"https:\/\/www.suntekinternational.com\/turkish\/wp-json\/wp\/v2\/pages\/283"}],"wp:featuredmedia":[{"embeddable":true,"href":"https:\/\/www.suntekinternational.com\/turkish\/wp-json\/wp\/v2\/media\/405"}],"wp:attachment":[{"href":"https:\/\/www.suntekinternational.com\/turkish\/wp-json\/wp\/v2\/media?parent=137"}],"curies":[{"name":"wp","href":"https:\/\/api.w.org\/{rel}","templated":true}]}}