{"id":133,"date":"2011-04-10T10:31:00","date_gmt":"2011-04-10T08:31:00","guid":{"rendered":"http:\/\/www.suntekinternational.com\/?page_id=133"},"modified":"2011-04-29T14:13:47","modified_gmt":"2011-04-29T12:13:47","slug":"kimlik","status":"publish","type":"page","link":"https:\/\/www.suntekinternational.com\/turkish\/hakkimizda\/kimlik\/","title":{"rendered":"Biz kimiz"},"content":{"rendered":"<p><a href=\"https:\/\/www.suntekinternational.com\/turkish\/wp-content\/uploads\/2011\/04\/Prof-Nilufer-Egrican.jpg\"><img loading=\"lazy\" class=\"alignleft size-full wp-image-415\" style=\"border: 1px solid black; margin: 4px;\" title=\"Prof. Nil\u00fcfer E\u011frican\" src=\"https:\/\/www.suntekinternational.com\/turkish\/wp-content\/uploads\/2011\/04\/Prof-Nilufer-Egrican.jpg\" alt=\"\" width=\"169\" height=\"225\" \/><\/a>Suntek International, ulusal ve uluslararas\u0131 Ar-Ge projeleri ve teknolojiyi geli\u015ftirme, teknoloji transferi, inovasyon i\u00e7in etkin bir platform olu\u015fturma, teknolojik fikirlerin hayata ge\u00e7irilmesi, \u00fcniversitelere ve sanayiye dan\u0131\u015fmanl\u0131k ve e\u011fitim hizmetleri verilmesi amac\u0131yla olu\u015fturulmu\u015ftur.<\/p>\n<p>Suntek International, yurtd\u0131\u015f\u0131ndan teknoloji transferi yap\u0131lmas\u0131nda ve yerli teknolojinin \u00fcretilmesinde kurulu\u015flara yard\u0131mc\u0131 olmaktad\u0131r.<\/p>\n<p>Suntek International, gerek Ar-Ge projelerinde, gerekse teknoloji geli\u015ftirmede gerekli e\u011fitimleri organize eder. Suntek International bir proje i\u00e7in gerekli insan kayna\u011f\u0131n\u0131 (\u00dcniversite \/ Sanayi) olu\u015fturmada yard\u0131mc\u0131 olur. Gerekti\u011finde yurtd\u0131\u015f\u0131ndaki kurumlardan destek al\u0131r.<\/p>\n<p>Suntek International, t\u00fcm hizmetlerini, m\u00fc\u015fteri odakl\u0131 ve i\u015f ortaklar\u0131, ulusal ve uluslararas\u0131 sayg\u0131n \u00fcniversiteler, sanayi i\u015fbirli\u011fi i\u00e7inde ger\u00e7ekle\u015ftirir.<\/p>\n<p>Suntek International, ba\u015fta yenilenebilir enerji sistemleri (g\u00fc\u00e7 santralleri, \u0131s\u0131tma, so\u011futma, s\u0131cak su eldesi, pasif v.b) olmak \u00fczere enerji a\u011f\u0131rl\u0131kl\u0131 projelere \u00a0odaklan\u0131r. Binalarda Enerji Performans\u0131 (BEP) \u00e7al\u0131\u015fmalar\u0131 do\u011frultusunda gerekli y\u00f6nlendirmeleri yapar ve binalara entegre edilen inovatif,yeni nesil yap\u0131 malzemeleri (BIPV)nin kullan\u0131m\u0131na \u00f6nc\u00fcl\u00fck eder.<\/p>\n","protected":false},"excerpt":{"rendered":"<p>Suntek International, ulusal ve uluslararas\u0131 Ar-Ge projeleri ve teknolojiyi geli\u015ftirme, teknoloji transferi, inovasyon i\u00e7in etkin bir platform olu\u015fturma, teknolojik fikirlerin hayata ge\u00e7irilmesi, \u00fcniversitelere ve sanayiye dan\u0131\u015fmanl\u0131k ve e\u011fitim hizmetleri verilmesi amac\u0131yla olu\u015fturulmu\u015ftur. Suntek International, yurtd\u0131\u015f\u0131ndan teknoloji transferi yap\u0131lmas\u0131nda ve yerli teknolojinin \u00fcretilmesinde kurulu\u015flara yard\u0131mc\u0131 olmaktad\u0131r. Suntek International, gerek Ar-Ge projelerinde, gerekse teknoloji geli\u015ftirmede gerekli e\u011fitimleri [&hellip;]<\/p>\n","protected":false},"author":75,"featured_media":404,"parent":283,"menu_order":0,"comment_status":"open","ping_status":"closed","template":"","meta":[],"_links":{"self":[{"href":"https:\/\/www.suntekinternational.com\/turkish\/wp-json\/wp\/v2\/pages\/133"}],"collection":[{"href":"https:\/\/www.suntekinternational.com\/turkish\/wp-json\/wp\/v2\/pages"}],"about":[{"href":"https:\/\/www.suntekinternational.com\/turkish\/wp-json\/wp\/v2\/types\/page"}],"author":[{"embeddable":true,"href":"https:\/\/www.suntekinternational.com\/turkish\/wp-json\/wp\/v2\/users\/75"}],"replies":[{"embeddable":true,"href":"https:\/\/www.suntekinternational.com\/turkish\/wp-json\/wp\/v2\/comments?post=133"}],"version-history":[{"count":7,"href":"https:\/\/www.suntekinternational.com\/turkish\/wp-json\/wp\/v2\/pages\/133\/revisions"}],"predecessor-version":[{"id":152,"href":"https:\/\/www.suntekinternational.com\/turkish\/wp-json\/wp\/v2\/pages\/133\/revisions\/152"}],"up":[{"embeddable":true,"href":"https:\/\/www.suntekinternational.com\/turkish\/wp-json\/wp\/v2\/pages\/283"}],"wp:featuredmedia":[{"embeddable":true,"href":"https:\/\/www.suntekinternational.com\/turkish\/wp-json\/wp\/v2\/media\/404"}],"wp:attachment":[{"href":"https:\/\/www.suntekinternational.com\/turkish\/wp-json\/wp\/v2\/media?parent=133"}],"curies":[{"name":"wp","href":"https:\/\/api.w.org\/{rel}","templated":true}]}}